{"id":838,"date":"2021-04-14T23:15:55","date_gmt":"2021-04-14T21:15:55","guid":{"rendered":"https:\/\/www.m2cspace.eu\/?page_id=838"},"modified":"2021-04-14T23:24:29","modified_gmt":"2021-04-14T21:24:29","slug":"informacie-o-spracovani-osobnych-udajov","status":"publish","type":"page","link":"https:\/\/m2cspace.rvltpreview.com\/sk\/informacie-o-spracovani-osobnych-udajov\/","title":{"rendered":"Inform\u00e1cie o spracovan\u00ed osobn\u00fdch \u00fadajov"},"content":{"rendered":"<p align=\"left\">pod\u013ea Nariadenia Eur\u00f3pskeho parlamentu a\u00a0Rady (E\u00da) 2016\/679, v\u0161eobecn\u00e9 nariadenie o\u00a0ochrane osobn\u00fdch \u00fadajov (\u010falej len \u201eGDPR\u201c)<br \/>\nV\u00e1\u017een\u00ed n\u00e1v\u0161tevn\u00edci webov\u00fdch str\u00e1nok skupiny Mark2 Corporation (\u010falej len M2C), \u010fakujeme v\u00e1m za v\u00e1\u0161 z\u00e1ujem o\u00a0na\u0161u \u010dinnos\u0165 a\u00a0slu\u017eby. Aby sme zaistili va\u0161u pln\u00fa informovanos\u0165, dovo\u013eujeme si v\u00e1m ozn\u00e1mi\u0165 inform\u00e1cie t\u00fdkaj\u00face sa \u00fadajov, ktor\u00e9 sa pri va\u0161ej n\u00e1v\u0161teve na\u0161ich str\u00e1nok zhroma\u017e\u010fuj\u00fa, a\u00a0na \u010do a\u00a0ak\u00fdm sp\u00f4sobom sa spracov\u00e1vaj\u00fa.<\/p>\n<p><strong>Z\u00e1kladn\u00e9 inform\u00e1cie o\u00a0spracovan\u00ed osobn\u00fdch \u00fadajov:<\/strong><br \/>\nPrev\u00e1dzkovate\u013eom osobn\u00fdch \u00fadajov z\u00edskan\u00fdch z\u00a0va\u0161ej n\u00e1v\u0161tevy na na\u0161ich webov\u00fdch str\u00e1nkach sme my, spolo\u010dnos\u0165 Mark2 Corporation Czech a.s., I\u010cO: 257 19\u00a0751, so s\u00eddlom Pod vi\u0161\u0148ovkou 1622\/23, 140 00 Praha 4. M\u00f4\u017eete n\u00e1s kontaktova\u0165 na adrese Mark2 Corporation Czech a.s., Vladislavova 17, 110 00 Praha 1.<br \/>\nPreto\u017ee to rozsah na\u0161ich in\u00fdch \u010dinnost\u00ed vy\u017eaduje, menovali sme taktie\u017e zodpovedn\u00fa osobu na ochranu osobn\u00fdch \u00fadajov. M\u00f4\u017eete ju taktie\u017e vyu\u017ei\u0165:<br \/>\n<em>Kontakt na zodpovedn\u00fa osobu na ochranu osobn\u00fdch \u00fadajov:\u00a0<\/em><a href=\"mailto:cz.dpo@m2c.eu\"><em>cz.dpo@m2c.eu<\/em><\/a><em>.<\/em><br \/>\nPri va\u0161ej n\u00e1v\u0161teve na\u0161ich webov\u00fdch str\u00e1nok na\u0161e webov\u00e9 servery do\u010dasne ulo\u017eia d\u00e1ta pripojenia dopytuj\u00faceho sa zariadenia.<br \/>\nVa\u0161e meno, adresa a\u00a0in\u00e9 kontaktn\u00e9 \u00fadaje sa nezaznamen\u00e1vaj\u00fa, ak n\u00e1m ich sami neposkytnete prostredn\u00edctvom niektor\u00e9ho z\u00a0formul\u00e1rov umiestnen\u00fdch na na\u0161ich webov\u00fdch str\u00e1nkach. Pri va\u0161ej n\u00e1v\u0161teve tak evidujeme najm\u00e4 nasleduj\u00face \u00fadaje:<\/p>\n<ul>\n<li>d\u00e1tum a\u00a0\u010das va\u0161ej n\u00e1v\u0161tevy na\u0161ich webov\u00fdch str\u00e1nok,<\/li>\n<li>nav\u0161t\u00edven\u00e9 webov\u00e9 str\u00e1nky,<\/li>\n<li>inform\u00e1cie o\u00a0type preh\u013ead\u00e1va\u010da a\u00a0opera\u010dnom syst\u00e9me,<\/li>\n<li>webov\u00e9 str\u00e1nky, prostredn\u00edctvom ktor\u00fdch ste nav\u0161t\u00edvili na\u0161e webov\u00e9 str\u00e1nky.<\/li>\n<\/ul>\n<p>V\u00a0pr\u00edpadoch spracovania pomocou \u010fal\u0161\u00edch webov\u00fdch n\u00e1strojov sa m\u00f4\u017eu spracov\u00e1va\u0165 aj in\u00e9 \u00fadaje; ich rozsah je potom \u0161pecifikovan\u00fd pri jednotliv\u00fdch inform\u00e1ci\u00e1ch k\u00a0webov\u00e9mu n\u00e1stroju.<br \/>\nSpracovanie z\u00edskan\u00fdch osobn\u00fdch \u00fadajov prebieha na z\u00e1klade nutnosti na \u00fa\u010dely na\u0161ich opr\u00e1vnen\u00fdch z\u00e1ujmov, ktor\u00fdmi s\u00fa zabezpe\u010denie syst\u00e9mu, technick\u00e1 spr\u00e1va a\u00a0optimaliz\u00e1cia chodu na\u0161ich webov\u00fdch str\u00e1nok a\u00a0ich vyh\u013ead\u00e1vanie a\u00a0taktie\u017e na z\u00e1klade v\u00e1\u0161ho s\u00fahlasu vypl\u00fdvaj\u00faceho z\u00a0nastavenia v\u00e1\u0161ho preh\u013ead\u00e1va\u010da na \u00fa\u010dely pokro\u010dilej\u0161ej ponuky na\u0161ich slu\u017eieb a\u00a0vyhodnocovania \u0161tatist\u00edk n\u00e1v\u0161tevnosti.<br \/>\nD\u013a\u017eka ulo\u017eenia osobn\u00fdch \u00fadajov generovan\u00fdch pri n\u00e1v\u0161teve sa ur\u010duje jednotliv\u00fdmi \u00fa\u010delmi ich spracovania, ide v\u0161ak v\u017edy iba o\u00a0\u010das nevyhnutn\u00fd.<br \/>\nOsobn\u00e9 \u00fadaje neposkytujeme do tret\u00edch kraj\u00edn ani \u010fal\u0161\u00edm pr\u00edjemcom, okrem na\u0161ich extern\u00fdch poskytovate\u013eov, ktor\u00fdch pou\u017e\u00edvame na zaistenie zabezpe\u010denia syst\u00e9mu, technickej spr\u00e1vy a\u00a0chodu na\u0161ich webov\u00fdch str\u00e1nok a\u00a0on-line reklamy. I t\u00fdchto poskytovate\u013eov zav\u00e4zujeme, aby dodr\u017eiavali v\u0161etky pravidl\u00e1 spracovania osobn\u00fdch \u00fadajov a\u00a0zachov\u00e1vali ml\u010danlivos\u0165.<br \/>\nPri spracovan\u00ed v\u0161etk\u00fdch vy\u0161\u0161ie uveden\u00fdch osobn\u00fdch \u00fadajov v\u017edy db\u00e1me na to, aby sme dodr\u017eiavali z\u00e1kladn\u00e9 z\u00e1sady pod\u013ea \u010dl. 6 GDPR. Zabezpe\u010denie osobn\u00fdch \u00fadajov je zaisten\u00e9 organiza\u010dn\u00fdmi a\u00a0technick\u00fdmi opatreniami prijat\u00fdmi v\u00a0s\u00falade s\u00a0pr\u00e1vnymi predpismi tak, aby sme zaistili, \u017ee ned\u00f4jde k\u00a0n\u00e1hodn\u00e9mu alebo protipr\u00e1vnemu zni\u010deniu, strate, pozmeneniu, neopr\u00e1vnen\u00e9mu spr\u00edstupneniu poskytovan\u00fdch, ulo\u017een\u00fdch alebo inak spracov\u00e1van\u00fdch osobn\u00fdch \u00fadajov alebo k\u00a0neopr\u00e1vnen\u00e9mu pr\u00edstupu k\u00a0nim. V\u0161etci na\u0161i zamestnanci s\u00fa viazan\u00ed ml\u010danlivos\u0165ou v\u00a0s\u00favislosti so skuto\u010dnos\u0165ami, ktor\u00e9 pri svojej pr\u00e1ci zistia. Webov\u00e9 str\u00e1nky vyu\u017e\u00edvaj\u00fa zabezpe\u010den\u00fa komunik\u00e1ciu (protokol HTTPS).<\/p>\n<p><strong>Va\u0161e pr\u00e1va ako dotknutej osoby<\/strong><br \/>\nAko dotknut\u00e1 osoba m\u00e1te pr\u00e1vo na pr\u00edstup k\u00a0osobn\u00fdm \u00fadajom, ktor\u00e9 sa v\u00e1s t\u00fdkaj\u00fa a\u00a0ktor\u00e9 my ako prev\u00e1dzkovate\u013e spracov\u00e1vame, m\u00e1te pr\u00e1vo po\u017eadova\u0165 ich opravu, poda\u0165 n\u00e1mietku proti spracovaniu \u010di po\u017eadova\u0165 obmedzenie spracovania, ak zist\u00edte, \u017ee s\u00fa tieto \u00fadaje nespr\u00e1vne alebo sa spracov\u00e1vaj\u00fa v\u00a0rozpore s\u00a0pr\u00e1vnymi predpismi. V\u00a0niektor\u00fdch pr\u00edpadoch m\u00f4\u017eete taktie\u017e od n\u00e1s \u017eiada\u0165 osobn\u00e9 \u00fadaje v\u00a0\u0161trukt\u00farovanom, be\u017ene pou\u017e\u00edvanom a\u00a0strojovo \u010ditate\u013enom form\u00e1te a\u00a0ich poskytnutie in\u00e9mu prev\u00e1dzkovate\u013eovi alebo m\u00e1te pr\u00e1vo neby\u0165 predmetom rozhodnutia zalo\u017een\u00e9ho v\u00fdhradne na automatizovanom rozhodnut\u00ed bez \u010dinnosti \u010dloveka. V\u0161etky svoje pr\u00e1va m\u00f4\u017eete uplatni\u0165 u\u00a0zodpovednej osoby na ochranu osobn\u00fdch \u00fadajov na vy\u0161\u0161ie uvedenej e-mailovej adrese alebo p\u00edsomne na na\u0161ej kontaktnej adrese prev\u00e1dzkovate\u013ea.<br \/>\nV\u00a0pr\u00edpade, ke\u010f sa domnievate, \u017ee spracovan\u00edm osobn\u00fdch \u00fadajov doch\u00e1dza k\u00a0poru\u0161eniu GDPR, m\u00e1te pr\u00e1vo poda\u0165 s\u0165a\u017enos\u0165 na dozornom \u00farade. Kontakt n\u00e1jdete tu\u00a0<a href=\"http:\/\/ec.europa.eu\/justice\/article-29\/structure\/data-protection-authorities\/index_en.htm\" target=\"_blank\" rel=\"noopener\">http:\/\/ec.europa.eu\/justice\/article-29\/structure\/data-protection-authorities\/index_en.htm<\/a><\/p>\n<p><strong>Pou\u017eitie s\u00faborov cookie<\/strong><br \/>\nNa\u0161e webov\u00e9 str\u00e1nky vyu\u017e\u00edvaj\u00fa s\u00fabory cookie, ktor\u00e9 s\u00fa mal\u00e9 textov\u00e9 s\u00fabory, ktor\u00e9 niektor\u00e9 webov\u00e9 str\u00e1nky ukladaj\u00fa na va\u0161om po\u010d\u00edta\u010di. \u00da\u010delom umiestnenia s\u00faborov cookie na na\u0161ej webovej str\u00e1nke je vylep\u0161i\u0165 mo\u017enosti vyu\u017e\u00edvania na\u0161ich webov\u00fdch str\u00e1nok, zv\u00fd\u0161i\u0165 pou\u017e\u00edvate\u013esk\u00fd komfort a\u00a0efekt\u00edvnos\u0165, teda vo v\u00fdsledku v\u00e1m poskytn\u00fa\u0165 optim\u00e1lnu mo\u017enos\u0165 vyu\u017e\u00edvania na\u0161ich webov\u00fdch str\u00e1nok. Obsah s\u00faboru cookie je obmedzen\u00fd na identifika\u010dn\u00e9 \u010d\u00edslo; Osobn\u00e9 \u00fadaje ako va\u0161e meno, adresa IP a\u00a0pod. sa nebud\u00fa prostredn\u00edctvom neho uklada\u0165.<br \/>\nPou\u017e\u00edvanie na\u0161ich webov\u00fdch str\u00e1nok je mo\u017en\u00e9 aj bez s\u00faborov cookie ich zak\u00e1zan\u00edm prostredn\u00edctvom svojho preh\u013ead\u00e1va\u010da, obmedzen\u00edm s\u00faborov cookie len na ur\u010dit\u00e9 webov\u00e9 str\u00e1nky alebo prostredn\u00edctvom upozor\u0148ovania na odosielanie s\u00faboru cookie. S\u00fabory cookie je mo\u017en\u00e9 taktie\u017e zo svojho po\u010d\u00edta\u010da \u010di in\u00e9ho koncov\u00e9ho zariadenia vymaza\u0165. Pri obmedzen\u00ed vyu\u017e\u00edvania s\u00faborov cookie na\u0161imi webov\u00fdmi str\u00e1nkami je v\u0161ak nutn\u00e9 o\u010dak\u00e1va\u0165 obmedzen\u00fa prezent\u00e1ciu str\u00e1nky a\u00a0obmedzenie pokynov pre pou\u017e\u00edvate\u013ea.<\/p>\n<p><strong>Odkazy na soci\u00e1lne siete<\/strong><br \/>\nVyu\u017eit\u00edm odkazu na soci\u00e1lne siete \u2013 napr. Facebook, Instagram, Twitter, Google Plus a\u00a0pod. \u2013 poskytujete poskytovate\u013eom t\u00fdchto soci\u00e1lnych siet\u00ed svoje osobn\u00e9 \u00fadaje (niektor\u00ed poskytovatelia s\u00eddlia aj v\u00a0tret\u00edch krajin\u00e1ch, napr. USA). Na na\u0161ich webov\u00fdch str\u00e1nkach nedoch\u00e1dza k\u00a0\u017eiadnej interakcii s\u00a0t\u00fdmito soci\u00e1lnymi sie\u0165ami a\u00a0pou\u017eit\u00e9 piktogramy sl\u00fa\u017eia iba ako odkazy u\u013eah\u010duj\u00face pr\u00edstup na na\u0161e profily.<\/p>\n<p><strong>Odkazy na webov\u00e9 str\u00e1nky tret\u00edch os\u00f4b<\/strong><br \/>\nNa na\u0161ich str\u00e1nkach sa m\u00f4\u017eu vyskytova\u0165 odkazy na webov\u00e9 str\u00e1nky tret\u00edch os\u00f4b. Hoci tieto webov\u00e9 str\u00e1nky boli pred umiestnen\u00edm odkazu na ne d\u00f4kladne preverovan\u00e9, nem\u00e1 M2C vplyv na obsah t\u00fdchto str\u00e1nok a\u00a0nie je tak mo\u017en\u00e9 vyl\u00fa\u010di\u0165, \u017ee ned\u00f4jde k\u00a0zmene ich obsahu.<br \/>\nVyu\u017eit\u00edm odkazu na webov\u00e9 str\u00e1nky tret\u00edch os\u00f4b m\u00f4\u017ee d\u00f4js\u0165 k\u00a0poskytnutiu va\u0161ich osobn\u00fdch \u00fadajov prev\u00e1dzkovate\u013eovi takej webovej str\u00e1nky. M2C nem\u00e1 vplyv na tak\u00e9 zhroma\u017e\u010fovanie osobn\u00fdch \u00fadajov na webov\u00fdch str\u00e1nkach tret\u00edch os\u00f4b, a\u00a0nem\u00f4\u017ee tak garantova\u0165 z\u00e1konnos\u0165 spracovania osobn\u00fdch \u00fadajov na tak\u00fdch webov\u00fdch str\u00e1nkach.<\/p>\n<p><strong>Google Analytics<\/strong><br \/>\nNa\u0161e str\u00e1nky pou\u017e\u00edvaj\u00fa taktie\u017e slu\u017eby Google Analytics, ktor\u00e9 v\u0161ak tie\u017e priamo nepou\u017e\u00edvaj\u00fa va\u0161e osobn\u00e9 \u00fadaje. Viac inform\u00e1ci\u00ed t\u00fdkaj\u00facich sa tejto slu\u017eby a\u00a0mo\u017enosti nastavenia n\u00e1jdete na\u00a0<a href=\"https:\/\/support.google.com\/analytics\/answer\/6004245?hl=cs&amp;ref_topic=2919631\" target=\"_blank\" rel=\"noopener\">https:\/\/support.google.com\/analytics\/answer\/6004245?hl=cs&amp;ref_topic=2919631<\/a><\/p>\n<p><strong>Retargeting<\/strong><br \/>\nNa\u0161e webov\u00e9 str\u00e1nky vyu\u017e\u00edvaj\u00fa technol\u00f3gie retargetingu od slu\u017eby Sklik prev\u00e1dzkovanej spolo\u010dnos\u0165ou Seznam.cz, a.s. T\u00e1 n\u00e1m umo\u017e\u0148uje uk\u00e1za\u0165 n\u00e1v\u0161tevn\u00edkom, ktor\u00ed u\u017e prejavili z\u00e1ujem o\u00a0na\u0161e produkty, na\u0161e reklamy v\u00a0reklamnej sieti spolo\u010dnosti Seznam.cz, a.s. Pod\u013ea spolo\u010dnosti Seznam.cz, a.s., sa v\u00a0tomto procese nezhroma\u017e\u010fuj\u00fa \u017eiadne osobn\u00e9 \u00fadaje. Viac inform\u00e1ci\u00ed n\u00e1jdete tu\u00a0<a href=\"http:\/\/www.imedia.cz\/\" target=\"_blank\" rel=\"noopener\">http:\/\/www.imedia.cz\/<\/a><br \/>\nViac inform\u00e1ci\u00ed a\u00a0mo\u017enosti, ako neby\u0165 s\u00fa\u010das\u0165ou behavior\u00e1lnej reklamy, n\u00e1jdete taktie\u017e na\u00a0<a href=\"http:\/\/www.youronlinechoices.com\/\" target=\"_blank\" rel=\"noopener\">http:\/\/www.youronlinechoices.com\/<\/a>.<\/p>\n","protected":false},"excerpt":{"rendered":"<p>pod\u013ea Nariadenia Eur\u00f3pskeho parlamentu a\u00a0Rady (E\u00da) 2016\/679, v\u0161eobecn\u00e9 nariadenie o\u00a0ochrane osobn\u00fdch \u00fadajov (\u010falej len \u201eGDPR\u201c) V\u00e1\u017een\u00ed n\u00e1v\u0161tevn\u00edci webov\u00fdch str\u00e1nok skupiny Mark2 Corporation (\u010falej len M2C), \u010fakujeme v\u00e1m za v\u00e1\u0161 z\u00e1ujem o\u00a0na\u0161u \u010dinnos\u0165 a\u00a0slu\u017eby. Aby sme zaistili va\u0161u pln\u00fa informovanos\u0165, dovo\u013eujeme si v\u00e1m ozn\u00e1mi\u0165 inform\u00e1cie t\u00fdkaj\u00face sa \u00fadajov, ktor\u00e9 sa pri va\u0161ej n\u00e1v\u0161teve na\u0161ich str\u00e1nok zhroma\u017e\u010fuj\u00fa,&#8230;<\/p>\n","protected":false},"author":8,"featured_media":0,"parent":0,"menu_order":0,"comment_status":"closed","ping_status":"open","template":"","meta":{"footnotes":""},"class_list":["post-838","page","type-page","status-publish","hentry"],"yoast_head":"<!-- This site is optimized with the Yoast SEO plugin v19.13 - https:\/\/yoast.com\/wordpress\/plugins\/seo\/ -->\n<title>Inform\u00e1cie o spracovan\u00ed osobn\u00fdch \u00fadajov - M2C<\/title>\n<meta name=\"robots\" content=\"index, follow, max-snippet:-1, max-image-preview:large, max-video-preview:-1\" \/>\n<link rel=\"canonical\" href=\"https:\/\/m2cspace.rvltpreview.com\/sk\/informacie-o-spracovani-osobnych-udajov\/\" \/>\n<meta property=\"og:locale\" content=\"sk_SK\" \/>\n<meta property=\"og:type\" content=\"article\" \/>\n<meta property=\"og:title\" content=\"Inform\u00e1cie o spracovan\u00ed osobn\u00fdch \u00fadajov - M2C\" \/>\n<meta property=\"og:description\" content=\"pod\u013ea Nariadenia Eur\u00f3pskeho parlamentu a\u00a0Rady (E\u00da) 2016\/679, v\u0161eobecn\u00e9 nariadenie o\u00a0ochrane osobn\u00fdch \u00fadajov (\u010falej len \u201eGDPR\u201c) V\u00e1\u017een\u00ed n\u00e1v\u0161tevn\u00edci webov\u00fdch str\u00e1nok skupiny Mark2 Corporation (\u010falej len M2C), \u010fakujeme v\u00e1m za v\u00e1\u0161 z\u00e1ujem o\u00a0na\u0161u \u010dinnos\u0165 a\u00a0slu\u017eby. Aby sme zaistili va\u0161u pln\u00fa informovanos\u0165, dovo\u013eujeme si v\u00e1m ozn\u00e1mi\u0165 inform\u00e1cie t\u00fdkaj\u00face sa \u00fadajov, ktor\u00e9 sa pri va\u0161ej n\u00e1v\u0161teve na\u0161ich str\u00e1nok zhroma\u017e\u010fuj\u00fa,...\" \/>\n<meta property=\"og:url\" content=\"https:\/\/m2cspace.rvltpreview.com\/sk\/informacie-o-spracovani-osobnych-udajov\/\" \/>\n<meta property=\"og:site_name\" content=\"M2C\" \/>\n<meta property=\"article:modified_time\" content=\"2021-04-14T21:24:29+00:00\" \/>\n<meta name=\"twitter:card\" content=\"summary_large_image\" \/>\n<meta name=\"twitter:label1\" content=\"Predpokladan\u00fd \u010das \u010d\u00edtania\" \/>\n\t<meta name=\"twitter:data1\" content=\"5 min\u00fat\" \/>\n<!-- \/ Yoast SEO plugin. -->","yoast_head_json":{"title":"Inform\u00e1cie o spracovan\u00ed osobn\u00fdch \u00fadajov - M2C","robots":{"index":"index","follow":"follow","max-snippet":"max-snippet:-1","max-image-preview":"max-image-preview:large","max-video-preview":"max-video-preview:-1"},"canonical":"https:\/\/m2cspace.rvltpreview.com\/sk\/informacie-o-spracovani-osobnych-udajov\/","og_locale":"sk_SK","og_type":"article","og_title":"Inform\u00e1cie o spracovan\u00ed osobn\u00fdch \u00fadajov - M2C","og_description":"pod\u013ea Nariadenia Eur\u00f3pskeho parlamentu a\u00a0Rady (E\u00da) 2016\/679, v\u0161eobecn\u00e9 nariadenie o\u00a0ochrane osobn\u00fdch \u00fadajov (\u010falej len \u201eGDPR\u201c) V\u00e1\u017een\u00ed n\u00e1v\u0161tevn\u00edci webov\u00fdch str\u00e1nok skupiny Mark2 Corporation (\u010falej len M2C), \u010fakujeme v\u00e1m za v\u00e1\u0161 z\u00e1ujem o\u00a0na\u0161u \u010dinnos\u0165 a\u00a0slu\u017eby. Aby sme zaistili va\u0161u pln\u00fa informovanos\u0165, dovo\u013eujeme si v\u00e1m ozn\u00e1mi\u0165 inform\u00e1cie t\u00fdkaj\u00face sa \u00fadajov, ktor\u00e9 sa pri va\u0161ej n\u00e1v\u0161teve na\u0161ich str\u00e1nok zhroma\u017e\u010fuj\u00fa,...","og_url":"https:\/\/m2cspace.rvltpreview.com\/sk\/informacie-o-spracovani-osobnych-udajov\/","og_site_name":"M2C","article_modified_time":"2021-04-14T21:24:29+00:00","twitter_card":"summary_large_image","twitter_misc":{"Predpokladan\u00fd \u010das \u010d\u00edtania":"5 min\u00fat"},"schema":{"@context":"https:\/\/schema.org","@graph":[{"@type":"WebPage","@id":"https:\/\/m2cspace.rvltpreview.com\/sk\/informacie-o-spracovani-osobnych-udajov\/","url":"https:\/\/m2cspace.rvltpreview.com\/sk\/informacie-o-spracovani-osobnych-udajov\/","name":"Inform\u00e1cie o spracovan\u00ed osobn\u00fdch \u00fadajov - M2C","isPartOf":{"@id":"https:\/\/m2cspace.rvltpreview.com\/#website"},"datePublished":"2021-04-14T21:15:55+00:00","dateModified":"2021-04-14T21:24:29+00:00","breadcrumb":{"@id":"https:\/\/m2cspace.rvltpreview.com\/sk\/informacie-o-spracovani-osobnych-udajov\/#breadcrumb"},"inLanguage":"sk-SK","potentialAction":[{"@type":"ReadAction","target":["https:\/\/m2cspace.rvltpreview.com\/sk\/informacie-o-spracovani-osobnych-udajov\/"]}]},{"@type":"BreadcrumbList","@id":"https:\/\/m2cspace.rvltpreview.com\/sk\/informacie-o-spracovani-osobnych-udajov\/#breadcrumb","itemListElement":[{"@type":"ListItem","position":1,"name":"\u00davod","item":"https:\/\/m2cspace.rvltpreview.com\/sk\/"},{"@type":"ListItem","position":2,"name":"Inform\u00e1cie o spracovan\u00ed osobn\u00fdch \u00fadajov"}]},{"@type":"WebSite","@id":"https:\/\/m2cspace.rvltpreview.com\/#website","url":"https:\/\/m2cspace.rvltpreview.com\/","name":"M2C","description":"","potentialAction":[{"@type":"SearchAction","target":{"@type":"EntryPoint","urlTemplate":"https:\/\/m2cspace.rvltpreview.com\/?s={search_term_string}"},"query-input":"required name=search_term_string"}],"inLanguage":"sk-SK"}]}},"_links":{"self":[{"href":"https:\/\/m2cspace.rvltpreview.com\/sk\/wp-json\/wp\/v2\/pages\/838","targetHints":{"allow":["GET"]}}],"collection":[{"href":"https:\/\/m2cspace.rvltpreview.com\/sk\/wp-json\/wp\/v2\/pages"}],"about":[{"href":"https:\/\/m2cspace.rvltpreview.com\/sk\/wp-json\/wp\/v2\/types\/page"}],"author":[{"embeddable":true,"href":"https:\/\/m2cspace.rvltpreview.com\/sk\/wp-json\/wp\/v2\/users\/8"}],"replies":[{"embeddable":true,"href":"https:\/\/m2cspace.rvltpreview.com\/sk\/wp-json\/wp\/v2\/comments?post=838"}],"version-history":[{"count":3,"href":"https:\/\/m2cspace.rvltpreview.com\/sk\/wp-json\/wp\/v2\/pages\/838\/revisions"}],"predecessor-version":[{"id":842,"href":"https:\/\/m2cspace.rvltpreview.com\/sk\/wp-json\/wp\/v2\/pages\/838\/revisions\/842"}],"wp:attachment":[{"href":"https:\/\/m2cspace.rvltpreview.com\/sk\/wp-json\/wp\/v2\/media?parent=838"}],"curies":[{"name":"wp","href":"https:\/\/api.w.org\/{rel}","templated":true}]}}