{"id":663,"date":"2021-04-08T22:35:01","date_gmt":"2021-04-08T20:35:01","guid":{"rendered":"https:\/\/www.m2cspace.eu\/?page_id=663"},"modified":"2021-07-09T15:43:12","modified_gmt":"2021-07-09T13:43:12","slug":"prinosy","status":"publish","type":"page","link":"https:\/\/m2cspace.rvltpreview.com\/sk\/prinosy\/","title":{"rendered":"Pr\u00ednosy"},"content":{"rendered":"<div class='d-none' style='display:none;'>\n<h3>Pr\u00ednosy M2C Space<\/h3>\n<h3>Nev\u00e1hajte n\u00e1s kontaktova\u0165<\/h3>\n<p>Zaujal v\u00e1s syst\u00e9m M2C Space? Radi pre v\u00e1s vytvor\u00edme rie\u0161enie na mieru va\u0161ich potrieb.<\/p>\n<h3>Bc. Zuzana Solarikova<\/h3>\n<p>Obchodn\u00fd mana\u017e\u00e9r <\/p><\/div>\n","protected":false},"excerpt":{"rendered":"<p>Pr\u00ednosy M2C Space Nev\u00e1hajte n\u00e1s kontaktova\u0165 Zaujal v\u00e1s syst\u00e9m M2C Space? Radi pre v\u00e1s vytvor\u00edme rie\u0161enie na mieru va\u0161ich potrieb. Bc. Zuzana Solarikova Obchodn\u00fd mana\u017e\u00e9r<\/p>\n","protected":false},"author":8,"featured_media":0,"parent":0,"menu_order":0,"comment_status":"closed","ping_status":"closed","template":"pages\/page-blocks.php","meta":{"footnotes":""},"class_list":["post-663","page","type-page","status-publish","hentry"],"yoast_head":"<!-- This site is optimized with the Yoast SEO plugin v19.13 - https:\/\/yoast.com\/wordpress\/plugins\/seo\/ -->\n<title>Pr\u00ednosy - M2C<\/title>\n<meta name=\"robots\" content=\"index, follow, max-snippet:-1, max-image-preview:large, max-video-preview:-1\" \/>\n<link rel=\"canonical\" href=\"https:\/\/m2cspace.rvltpreview.com\/sk\/prinosy\/\" \/>\n<meta property=\"og:locale\" content=\"sk_SK\" \/>\n<meta property=\"og:type\" content=\"article\" \/>\n<meta property=\"og:title\" content=\"Pr\u00ednosy - M2C\" \/>\n<meta property=\"og:description\" content=\"Pr\u00ednosy M2C Space Nev\u00e1hajte n\u00e1s kontaktova\u0165 Zaujal v\u00e1s syst\u00e9m M2C Space? Radi pre v\u00e1s vytvor\u00edme rie\u0161enie na mieru va\u0161ich potrieb. Bc. Zuzana Solarikova Obchodn\u00fd mana\u017e\u00e9r\" \/>\n<meta property=\"og:url\" content=\"https:\/\/m2cspace.rvltpreview.com\/sk\/prinosy\/\" \/>\n<meta property=\"og:site_name\" content=\"M2C\" \/>\n<meta property=\"article:modified_time\" content=\"2021-07-09T13:43:12+00:00\" \/>\n<meta name=\"twitter:card\" content=\"summary_large_image\" \/>\n<!-- \/ Yoast SEO plugin. -->","yoast_head_json":{"title":"Pr\u00ednosy - M2C","robots":{"index":"index","follow":"follow","max-snippet":"max-snippet:-1","max-image-preview":"max-image-preview:large","max-video-preview":"max-video-preview:-1"},"canonical":"https:\/\/m2cspace.rvltpreview.com\/sk\/prinosy\/","og_locale":"sk_SK","og_type":"article","og_title":"Pr\u00ednosy - M2C","og_description":"Pr\u00ednosy M2C Space Nev\u00e1hajte n\u00e1s kontaktova\u0165 Zaujal v\u00e1s syst\u00e9m M2C Space? Radi pre v\u00e1s vytvor\u00edme rie\u0161enie na mieru va\u0161ich potrieb. Bc. Zuzana Solarikova Obchodn\u00fd mana\u017e\u00e9r","og_url":"https:\/\/m2cspace.rvltpreview.com\/sk\/prinosy\/","og_site_name":"M2C","article_modified_time":"2021-07-09T13:43:12+00:00","twitter_card":"summary_large_image","schema":{"@context":"https:\/\/schema.org","@graph":[{"@type":"WebPage","@id":"https:\/\/m2cspace.rvltpreview.com\/sk\/prinosy\/","url":"https:\/\/m2cspace.rvltpreview.com\/sk\/prinosy\/","name":"Pr\u00ednosy - M2C","isPartOf":{"@id":"https:\/\/m2cspace.rvltpreview.com\/#website"},"datePublished":"2021-04-08T20:35:01+00:00","dateModified":"2021-07-09T13:43:12+00:00","breadcrumb":{"@id":"https:\/\/m2cspace.rvltpreview.com\/sk\/prinosy\/#breadcrumb"},"inLanguage":"sk-SK","potentialAction":[{"@type":"ReadAction","target":["https:\/\/m2cspace.rvltpreview.com\/sk\/prinosy\/"]}]},{"@type":"BreadcrumbList","@id":"https:\/\/m2cspace.rvltpreview.com\/sk\/prinosy\/#breadcrumb","itemListElement":[{"@type":"ListItem","position":1,"name":"\u00davod","item":"https:\/\/m2cspace.rvltpreview.com\/sk\/"},{"@type":"ListItem","position":2,"name":"Pr\u00ednosy"}]},{"@type":"WebSite","@id":"https:\/\/m2cspace.rvltpreview.com\/#website","url":"https:\/\/m2cspace.rvltpreview.com\/","name":"M2C","description":"","potentialAction":[{"@type":"SearchAction","target":{"@type":"EntryPoint","urlTemplate":"https:\/\/m2cspace.rvltpreview.com\/?s={search_term_string}"},"query-input":"required name=search_term_string"}],"inLanguage":"sk-SK"}]}},"_links":{"self":[{"href":"https:\/\/m2cspace.rvltpreview.com\/sk\/wp-json\/wp\/v2\/pages\/663","targetHints":{"allow":["GET"]}}],"collection":[{"href":"https:\/\/m2cspace.rvltpreview.com\/sk\/wp-json\/wp\/v2\/pages"}],"about":[{"href":"https:\/\/m2cspace.rvltpreview.com\/sk\/wp-json\/wp\/v2\/types\/page"}],"author":[{"embeddable":true,"href":"https:\/\/m2cspace.rvltpreview.com\/sk\/wp-json\/wp\/v2\/users\/8"}],"replies":[{"embeddable":true,"href":"https:\/\/m2cspace.rvltpreview.com\/sk\/wp-json\/wp\/v2\/comments?post=663"}],"version-history":[{"count":4,"href":"https:\/\/m2cspace.rvltpreview.com\/sk\/wp-json\/wp\/v2\/pages\/663\/revisions"}],"predecessor-version":[{"id":1123,"href":"https:\/\/m2cspace.rvltpreview.com\/sk\/wp-json\/wp\/v2\/pages\/663\/revisions\/1123"}],"wp:attachment":[{"href":"https:\/\/m2cspace.rvltpreview.com\/sk\/wp-json\/wp\/v2\/media?parent=663"}],"curies":[{"name":"wp","href":"https:\/\/api.w.org\/{rel}","templated":true}]}}