{"id":330,"date":"2021-03-24T17:30:31","date_gmt":"2021-03-24T16:30:31","guid":{"rendered":"https:\/\/www.m2cspace.eu\/?page_id=330"},"modified":"2022-09-27T09:07:00","modified_gmt":"2022-09-27T07:07:00","slug":"commercial-buildings-and-hotels","status":"publish","type":"page","link":"https:\/\/m2cspace.rvltpreview.com\/en\/commercial-buildings-and-hotels\/","title":{"rendered":"Commercial buildings and hotels"},"content":{"rendered":"<div class=\"d-none\" style=\"display: none;\">\n<h3>Commercial buildings and hotels<\/h3>\n<p>M2C Space replaces or remotely controls work activities in the management of buildings and shopping centers. This will reduce operating costs and human resources. The system will also provide a thorough data analysis to facilitate your business decisions.<\/p>\n<p>&nbsp;<\/p>\n<p><span style=\"font-family: inherit;\"><strong>CHOOSE FROM THE FOLLOWING AREAS:<\/strong><\/span><\/p>\n<h3>Automatic reception<\/h3>\n<h3>Predictive object maintenance<\/h3>\n<h3>Monitoring of parking<\/h3>\n<h3>Monitoring of waste management<\/h3>\n<h3>Inspection of service organizations<\/h3>\n<h3>Access automation<\/h3>\n<h3>We are here for you<\/h3>\n<p>Arrange a meeting and a free consultation. We will be happy to discuss your requirements and find a tailor-made solution.<\/p>\n<h3>Marek \u010cih\u00e1k<\/h3>\n<p>Sales Manager<\/p>\n<h3>Remote object protection<\/h3>\n<h3>Control of OHS, PE and FP<\/h3>\n<h3>Active response centre (ARC AND V-ARC)<\/h3>\n<h3>Protection of lone workers<\/h3>\n<h3>Detection of external crime<\/h3>\n<h3>Personal movement monitoring<\/h3>\n<h3>Reporting of collected data<\/h3>\n<h3>Monitoring of work efficiency and working procedures<\/h3>\n<\/div>\n<div class='d-none' style='display:none;'>\n<h3>Commercial buildings and hotels<\/h3>\n<p>Space replaces or remotely controls work activities in the management of buildings and shopping centers. This will reduce operating costs and human resources. The system will also provide a thorough data analysis to facilitate your business decisions.\n<\/p>\n<p>&nbsp;<\/p>\n<p><span style=\"font-family: inherit;\"><strong>CHOOSE FROM THE FOLLOWING AREAS:<\/strong><\/span><\/p>\n<h3>Automatic reception<\/h3>\n<h3>Predictive object maintenance<\/h3>\n<h3>Monitoring of parking<\/h3>\n<h3>Monitoring of waste management<\/h3>\n<h3>Inspection of service organizations<\/h3>\n<h3>Access automation<\/h3>\n<h3>We are here for you<\/h3>\n<p>Arrange a meeting and a free consultation. We will be happy to discuss your requirements and find a tailor-made solution.<\/p>\n<h3>Ing. Kate\u0159ina Kul\u00ed\u0161kov\u00e1<\/h3>\n<p>Sales Manager <\/p>\n<h3>Remote object protection<\/h3>\n<h3>Control of OHS, PE and FP<\/h3>\n<h3>Active response centre (ARC AND V-ARC)<\/h3>\n<h3>Protection of lone workers<\/h3>\n<h3>Detection of external crime<\/h3>\n<h3>Personal movement monitoring<\/h3>\n<h3>Reporting of collected data<\/h3>\n<h3>Monitoring of work efficiency and working procedures<\/h3>\n<\/div>\n","protected":false},"excerpt":{"rendered":"<p>Commercial buildings and hotels M2C Space replaces or remotely controls work activities in the management of buildings and shopping centers. This will reduce operating costs and human resources. The system will also provide a thorough data analysis to facilitate your business decisions. &nbsp; CHOOSE FROM THE FOLLOWING AREAS: Automatic reception Predictive object maintenance Monitoring of&#8230;<\/p>\n","protected":false},"author":2,"featured_media":0,"parent":0,"menu_order":0,"comment_status":"closed","ping_status":"closed","template":"pages\/page-blocks.php","meta":{"footnotes":""},"class_list":["post-330","page","type-page","status-publish","hentry"],"yoast_head":"<!-- This site is optimized with the Yoast SEO plugin v19.13 - https:\/\/yoast.com\/wordpress\/plugins\/seo\/ -->\n<title>Commercial buildings and hotels - M2C<\/title>\n<meta name=\"robots\" content=\"index, follow, max-snippet:-1, max-image-preview:large, max-video-preview:-1\" \/>\n<link rel=\"canonical\" href=\"https:\/\/m2cspace.rvltpreview.com\/en\/commercial-buildings-and-hotels\/\" \/>\n<meta property=\"og:locale\" content=\"en_US\" \/>\n<meta property=\"og:type\" content=\"article\" \/>\n<meta property=\"og:title\" content=\"Commercial buildings and hotels - M2C\" \/>\n<meta property=\"og:description\" content=\"Commercial buildings and hotels M2C Space replaces or remotely controls work activities in the management of buildings and shopping centers. This will reduce operating costs and human resources. The system will also provide a thorough data analysis to facilitate your business decisions. &nbsp; CHOOSE FROM THE FOLLOWING AREAS: Automatic reception Predictive object maintenance Monitoring of...\" \/>\n<meta property=\"og:url\" content=\"https:\/\/m2cspace.rvltpreview.com\/en\/commercial-buildings-and-hotels\/\" \/>\n<meta property=\"og:site_name\" content=\"M2C\" \/>\n<meta property=\"article:modified_time\" content=\"2022-09-27T07:07:00+00:00\" \/>\n<meta name=\"twitter:card\" content=\"summary_large_image\" \/>\n<meta name=\"twitter:label1\" content=\"Est. reading time\" \/>\n\t<meta name=\"twitter:data1\" content=\"1 minute\" \/>\n<!-- \/ Yoast SEO plugin. -->","yoast_head_json":{"title":"Commercial buildings and hotels - M2C","robots":{"index":"index","follow":"follow","max-snippet":"max-snippet:-1","max-image-preview":"max-image-preview:large","max-video-preview":"max-video-preview:-1"},"canonical":"https:\/\/m2cspace.rvltpreview.com\/en\/commercial-buildings-and-hotels\/","og_locale":"en_US","og_type":"article","og_title":"Commercial buildings and hotels - M2C","og_description":"Commercial buildings and hotels M2C Space replaces or remotely controls work activities in the management of buildings and shopping centers. This will reduce operating costs and human resources. The system will also provide a thorough data analysis to facilitate your business decisions. &nbsp; CHOOSE FROM THE FOLLOWING AREAS: Automatic reception Predictive object maintenance Monitoring of...","og_url":"https:\/\/m2cspace.rvltpreview.com\/en\/commercial-buildings-and-hotels\/","og_site_name":"M2C","article_modified_time":"2022-09-27T07:07:00+00:00","twitter_card":"summary_large_image","twitter_misc":{"Est. reading time":"1 minute"},"schema":{"@context":"https:\/\/schema.org","@graph":[{"@type":"WebPage","@id":"https:\/\/m2cspace.rvltpreview.com\/en\/commercial-buildings-and-hotels\/","url":"https:\/\/m2cspace.rvltpreview.com\/en\/commercial-buildings-and-hotels\/","name":"Commercial buildings and hotels - M2C","isPartOf":{"@id":"https:\/\/m2cspace.rvltpreview.com\/#website"},"datePublished":"2021-03-24T16:30:31+00:00","dateModified":"2022-09-27T07:07:00+00:00","breadcrumb":{"@id":"https:\/\/m2cspace.rvltpreview.com\/en\/commercial-buildings-and-hotels\/#breadcrumb"},"inLanguage":"en-US","potentialAction":[{"@type":"ReadAction","target":["https:\/\/m2cspace.rvltpreview.com\/en\/commercial-buildings-and-hotels\/"]}]},{"@type":"BreadcrumbList","@id":"https:\/\/m2cspace.rvltpreview.com\/en\/commercial-buildings-and-hotels\/#breadcrumb","itemListElement":[{"@type":"ListItem","position":1,"name":"\u00davod","item":"https:\/\/m2cspace.rvltpreview.com\/en\/"},{"@type":"ListItem","position":2,"name":"Commercial buildings and hotels"}]},{"@type":"WebSite","@id":"https:\/\/m2cspace.rvltpreview.com\/#website","url":"https:\/\/m2cspace.rvltpreview.com\/","name":"M2C","description":"","potentialAction":[{"@type":"SearchAction","target":{"@type":"EntryPoint","urlTemplate":"https:\/\/m2cspace.rvltpreview.com\/?s={search_term_string}"},"query-input":"required name=search_term_string"}],"inLanguage":"en-US"}]}},"_links":{"self":[{"href":"https:\/\/m2cspace.rvltpreview.com\/en\/wp-json\/wp\/v2\/pages\/330","targetHints":{"allow":["GET"]}}],"collection":[{"href":"https:\/\/m2cspace.rvltpreview.com\/en\/wp-json\/wp\/v2\/pages"}],"about":[{"href":"https:\/\/m2cspace.rvltpreview.com\/en\/wp-json\/wp\/v2\/types\/page"}],"author":[{"embeddable":true,"href":"https:\/\/m2cspace.rvltpreview.com\/en\/wp-json\/wp\/v2\/users\/2"}],"replies":[{"embeddable":true,"href":"https:\/\/m2cspace.rvltpreview.com\/en\/wp-json\/wp\/v2\/comments?post=330"}],"version-history":[{"count":3,"href":"https:\/\/m2cspace.rvltpreview.com\/en\/wp-json\/wp\/v2\/pages\/330\/revisions"}],"predecessor-version":[{"id":1260,"href":"https:\/\/m2cspace.rvltpreview.com\/en\/wp-json\/wp\/v2\/pages\/330\/revisions\/1260"}],"wp:attachment":[{"href":"https:\/\/m2cspace.rvltpreview.com\/en\/wp-json\/wp\/v2\/media?parent=330"}],"curies":[{"name":"wp","href":"https:\/\/api.w.org\/{rel}","templated":true}]}}